{"id":15,"date":"2025-04-29T08:43:35","date_gmt":"2025-04-29T08:43:35","guid":{"rendered":"http:\/\/localhost\/wordpressAuto\/?page_id=15"},"modified":"2025-05-14T12:39:56","modified_gmt":"2025-05-14T12:39:56","slug":"service-apres-vente","status":"publish","type":"page","link":"https:\/\/auto-dev.videriautomotive.com\/index.php\/service-apres-vente\/","title":{"rendered":"Service Apr\u00e8s-Vente"},"content":{"rendered":"\n<div style=\"background-image:url(&#039;https:\/\/auto-dev.videriautomotive.com\/wp-content\/uploads\/2025\/04\/581764-immatriculer-un-vehicule-de-luxe-coute-plus-cher-mais-combien.jpeg&#039;);background-size:cover;background-attachment:fixed;\" class=\"wp-block-group alignfull is-layout-constrained wp-block-group-is-layout-constrained has-background\">\n<div class=\"wp-block-group has-white-background-color has-background is-layout-constrained wp-block-group-is-layout-constrained\">\n<p class=\"has-text-align-center\" style=\"font-size:24px\"><strong>J'entretiens mon v\u00e9hicule<\/strong><\/p>\n\n\n\n<p style=\"font-size:22px\"><strong>Acc\u00e8s rapide<\/strong><\/p>\n\n\n<div class=\"wp-block-ub-tabbed-content wp-block-ub-tabbed-content-holder vertical-holder wp-block-ub-tabbed-content-vertical-holder-tablet\" id=\"ub-tabbed-content-c010c886-9690-46a2-a9a4-27eca557d27f\" data-active-tabs=\"[0]\" style=\"\">\n\t\t\t<div class=\"wp-block-ub-tabbed-content-tab-holder vertical-tab-width vertical-tab-width-tablet\">\n\t\t\t\t<div role=\"tablist\" class=\"wp-block-ub-tabbed-content-tabs-title-vertical-tab ub-mobile-hide wp-block-ub-tabbed-content-tabs-title-tablet-vertical-tab\" style=\"justify-content: flex-start; \"><div role=\"tab\" id=\"ub-tabbed-content-c010c886-9690-46a2-a9a4-27eca557d27f-tab-0\" aria-controls=\"ub-tabbed-content-c010c886-9690-46a2-a9a4-27eca557d27f-panel-0\" aria-selected=\"true\" class=\"wp-block-ub-tabbed-content-tab-title-vertical-wrap wp-block-ub-tabbed-content-tab-title-tablet-vertical-wrap active\" style=\"--ub-tabbed-title-background-color: #3383c5; --ub-tabbed-title-color: #ffffff; --ub-tabbed-active-title-color: #ffffff; --ub-tabbed-active-title-background-color: #3383c5; border-top-left-radius: 0px;; border-top-right-radius: 0px;; border-bottom-left-radius: 0px;; border-bottom-right-radius: 0px;; text-align: left; \" tabindex=\"-1\">\n\t\t\t\t<div class=\"wp-block-ub-tabbed-content-tab-title\">Prendre rendez-vous en ligne<\/div>\n\t\t\t<\/div><div role=\"tab\" id=\"ub-tabbed-content-c010c886-9690-46a2-a9a4-27eca557d27f-tab-1\" aria-controls=\"ub-tabbed-content-c010c886-9690-46a2-a9a4-27eca557d27f-panel-1\" aria-selected=\"false\" class=\"wp-block-ub-tabbed-content-tab-title-vertical-wrap wp-block-ub-tabbed-content-tab-title-tablet-vertical-wrap\" style=\"--ub-tabbed-title-background-color: #000000; --ub-tabbed-title-color: #ffffff; --ub-tabbed-active-title-color: #ffffff; --ub-tabbed-active-title-background-color: #3383c5; border-top-left-radius: 0px;; border-top-right-radius: 0px;; border-bottom-left-radius: 0px;; border-bottom-right-radius: 0px;; text-align: left; \" tabindex=\"-1\">\n\t\t\t\t<div class=\"wp-block-ub-tabbed-content-tab-title\">Pourquoi choisir <\/div>\n\t\t\t<\/div><div role=\"tab\" id=\"ub-tabbed-content-c010c886-9690-46a2-a9a4-27eca557d27f-tab-2\" aria-controls=\"ub-tabbed-content-c010c886-9690-46a2-a9a4-27eca557d27f-panel-2\" aria-selected=\"false\" class=\"wp-block-ub-tabbed-content-tab-title-vertical-wrap wp-block-ub-tabbed-content-tab-title-tablet-vertical-wrap\" style=\"--ub-tabbed-title-background-color: #000000; --ub-tabbed-title-color: #ffffff; --ub-tabbed-active-title-color: #ffffff; --ub-tabbed-active-title-background-color: #3383c5; border-top-left-radius: 0px;; border-top-right-radius: 0px;; border-bottom-left-radius: 0px;; border-bottom-right-radius: 0px;; text-align: left; \" tabindex=\"-1\">\n\t\t\t\t<div class=\"wp-block-ub-tabbed-content-tab-title\">Garantie constructeur TOYOYA<\/div>\n\t\t\t<\/div><div role=\"tab\" id=\"ub-tabbed-content-c010c886-9690-46a2-a9a4-27eca557d27f-tab-3\" aria-controls=\"ub-tabbed-content-c010c886-9690-46a2-a9a4-27eca557d27f-panel-3\" aria-selected=\"false\" class=\"wp-block-ub-tabbed-content-tab-title-vertical-wrap wp-block-ub-tabbed-content-tab-title-tablet-vertical-wrap\" style=\"--ub-tabbed-title-background-color: #000000; --ub-tabbed-title-color: #ffffff; --ub-tabbed-active-title-color: #ffffff; --ub-tabbed-active-title-background-color: #3383c5; border-top-left-radius: 0px;; border-top-right-radius: 0px;; border-bottom-left-radius: 0px;; border-bottom-right-radius: 0px;; text-align: left; \" tabindex=\"-1\">\n\t\t\t\t<div class=\"wp-block-ub-tabbed-content-tab-title\">Forfaits TOYOTA<\/div>\n\t\t\t<\/div><\/div>\n\t\t\t<\/div>\n\t\t\t<div class=\"wp-block-ub-tabbed-content-tabs-content vertical-content-width  ub-tabbed-content-mobile-accordion vertical-content-width-tablet\" style=\"border-top-left-radius: 0px;; border-top-right-radius: 0px;; border-bottom-left-radius: 0px;; border-bottom-right-radius: 0px;; \"><div style=\"--ub-tabbed-active-accordion-background-color: #3383c5; --ub-tabbed-accordion-background-color: #000000; --ub-tabbed-accordion-color: #ffffff; --ub-tabbed-active-accordion-color: #ffffff; \" class=\"wp-block-ub-tabbed-content-accordion-toggle active ub-mobile-display\">Prendre rendez-vous en ligne<\/div><div role=\"tabpanel\" class=\"wp-block-ub-tabbed-content-tab-content-wrap active\" id=\"ub-tabbed-content-c010c886-9690-46a2-a9a4-27eca557d27f-panel-0\" aria-labelledby=\"ub-tabbed-content-c010c886-9690-46a2-a9a4-27eca557d27f-tab-0\" tabindex=\"0\">\n\n<p class=\"has-text-align-center\"><strong>Prendre rendez-vous en ligne<\/strong><\/p>\n\n\n\n<div class=\"wp-block-group alignwide is-layout-constrained wp-container-core-group-is-layout-653f653a wp-block-group-is-layout-constrained\" style=\"margin-top:0;margin-bottom:0;padding-top:0px;padding-bottom:0px\">\n<div class=\"wp-block-columns has-white-background-color has-background is-layout-flex wp-container-core-columns-is-layout-28f84493 wp-block-columns-is-layout-flex\">\n<div class=\"wp-block-column is-layout-flow wp-container-core-column-is-layout-427e6c07 wp-block-column-is-layout-flow\" style=\"padding-top:0px;padding-right:0px;padding-bottom:0px;padding-left:0px;flex-basis:40%\">\n<div class=\"wp-block-columns has-white-background-color has-background is-layout-flex wp-container-core-columns-is-layout-b60c516e wp-block-columns-is-layout-flex\" style=\"padding-top:15px;padding-right:20px;padding-bottom:15px;padding-left:20px\">\n<div class=\"wp-block-column is-vertically-aligned-center is-layout-flow wp-block-column-is-layout-flow\" style=\"flex-basis:15%\">\n<figure class=\"wp-block-image size-full\"><img decoding=\"async\" src=\"https:\/\/tyler.com\/wp-content\/uploads\/2023\/12\/Icon-1.svg\" alt=\"\" class=\"wp-image-82968\"><\/figure>\n<\/div>\n\n\n\n<div class=\"wp-block-column is-layout-flow wp-container-core-column-is-layout-b15f4bf2 wp-block-column-is-layout-flow\" style=\"flex-basis:75%\">\n<h4 class=\"wp-block-heading has-text-color has-link-color has-merriweather-font-family wp-elements-24e4392d1de36d8ee0f456e7eab22d17\" style=\"color:#000000;font-size:18px;font-style:normal;font-weight:500\">T\u00e9l\u00e9phone<\/h4>\n\n\n\n<p class=\"has-text-color has-link-color has-fraunces-font-family wp-elements-14ddeee68ac413ab3bef1bb470843968\" style=\"color:#000000;font-size:12px\">+1 234 567 9850<\/p>\n<\/div>\n<\/div>\n\n\n\n<div class=\"wp-block-columns has-white-background-color has-background is-layout-flex wp-container-core-columns-is-layout-b60c516e wp-block-columns-is-layout-flex\" style=\"padding-top:15px;padding-right:20px;padding-bottom:15px;padding-left:20px\">\n<div class=\"wp-block-column is-vertically-aligned-center is-layout-flow wp-block-column-is-layout-flow\" style=\"flex-basis:15%\">\n<figure class=\"wp-block-image size-full\"><img decoding=\"async\" src=\"https:\/\/tyler.com\/wp-content\/uploads\/2023\/12\/Icon-2.svg\" alt=\"\" class=\"wp-image-82969\"><\/figure>\n<\/div>\n\n\n\n<div class=\"wp-block-column is-layout-flow wp-container-core-column-is-layout-b15f4bf2 wp-block-column-is-layout-flow\" style=\"flex-basis:75%\">\n<h4 class=\"wp-block-heading has-text-color has-link-color has-merriweather-font-family wp-elements-b886c7071fd8cbf99ca708b353bad732\" style=\"color:#000000;font-size:18px;font-style:normal;font-weight:500\">Notre Email<\/h4>\n\n\n\n<p class=\"has-text-color has-link-color has-fraunces-font-family wp-elements-f7b4cc17dea6fa8cf94833fd666a72a6\" style=\"color:#000000;font-size:12px\">Example@gmail.com<\/p>\n<\/div>\n<\/div>\n\n\n\n<div class=\"wp-block-columns has-white-background-color has-background is-layout-flex wp-container-core-columns-is-layout-b60c516e wp-block-columns-is-layout-flex\" style=\"padding-top:15px;padding-right:20px;padding-bottom:15px;padding-left:20px\">\n<div class=\"wp-block-column is-vertically-aligned-center is-layout-flow wp-block-column-is-layout-flow\" style=\"flex-basis:15%\">\n<figure class=\"wp-block-image size-full\"><img decoding=\"async\" src=\"https:\/\/tyler.com\/wp-content\/uploads\/2023\/12\/Icon-3.svg\" alt=\"\" class=\"wp-image-82970\"><\/figure>\n<\/div>\n\n\n\n<div class=\"wp-block-column is-layout-flow wp-container-core-column-is-layout-b15f4bf2 wp-block-column-is-layout-flow\" style=\"flex-basis:75%\">\n<h4 class=\"wp-block-heading has-text-color has-link-color has-merriweather-font-family wp-elements-84d1f2f9c8791472e667e8cff358465b\" style=\"color:#000000;font-size:18px;font-style:normal;font-weight:500\">Notre Localisation<\/h4>\n\n\n\n<p class=\"has-text-color has-link-color has-fraunces-font-family wp-elements-264830c703baf619799fcdc988b7e685\" style=\"color:#000000;font-size:12px\">4575 Redbud Drive Brooklyn <br>NY 11206 USA<\/p>\n<\/div>\n<\/div>\n\n\n\n<div class=\"wp-block-columns has-white-background-color has-background is-layout-flex wp-container-core-columns-is-layout-b60c516e wp-block-columns-is-layout-flex\" style=\"padding-top:15px;padding-right:20px;padding-bottom:15px;padding-left:20px\">\n<div class=\"wp-block-column is-vertically-aligned-center is-layout-flow wp-block-column-is-layout-flow\" style=\"flex-basis:15%\">\n<figure class=\"wp-block-image size-full\"><img decoding=\"async\" src=\"https:\/\/tyler.com\/wp-content\/uploads\/2023\/11\/Icon-5.svg\" alt=\"\" class=\"wp-image-82992\"><\/figure>\n<\/div>\n\n\n\n<div class=\"wp-block-column is-layout-flow wp-container-core-column-is-layout-b15f4bf2 wp-block-column-is-layout-flow\" style=\"flex-basis:75%\">\n<h6 class=\"wp-block-heading has-text-color has-link-color has-merriweather-font-family wp-elements-88b453dd0db6507d6a6e531fa2c66d39\" style=\"color:#000000;font-size:18px;font-style:normal;font-weight:500\">Ouverture Heures<\/h6>\n\n\n\n<p class=\"has-text-color has-link-color has-fraunces-font-family wp-elements-e2669eded6baecf4ff8a4307213fe658\" style=\"color:#000000;font-size:12px\">Mon - Fri : 9:00 - 5:00<\/p>\n<\/div>\n<\/div>\n<\/div>\n\n\n\n<div class=\"wp-block-column has-white-background-color has-background is-layout-flow wp-container-core-column-is-layout-92be3f09 wp-block-column-is-layout-flow\" style=\"padding-top:0px;padding-right:30px;padding-bottom:0px;padding-left:30px;flex-basis:60%\"><style id=\"wpforms-css-vars-496-block-7befe491-159c-4676-8eae-4fcffba1ce70\">\n\t\t\t\t#wpforms-496.wpforms-block-7befe491-159c-4676-8eae-4fcffba1ce70 {\n\t\t\t\t--wpforms-button-background-color: #151515;\n--wpforms-field-size-input-height: 43px;\n--wpforms-field-size-input-spacing: 15px;\n--wpforms-field-size-font-size: 16px;\n--wpforms-field-size-line-height: 19px;\n--wpforms-field-size-padding-h: 14px;\n--wpforms-field-size-checkbox-size: 16px;\n--wpforms-field-size-sublabel-spacing: 5px;\n--wpforms-field-size-icon-size: 1;\n--wpforms-label-size-font-size: 16px;\n--wpforms-label-size-line-height: 19px;\n--wpforms-label-size-sublabel-font-size: 14px;\n--wpforms-label-size-sublabel-line-height: 17px;\n--wpforms-button-size-font-size: 17px;\n--wpforms-button-size-height: 41px;\n--wpforms-button-size-padding-h: 15px;\n--wpforms-button-size-margin-top: 10px;\n\n\t\t\t}\n\t\t\t<\/style><div class=\"wpforms-container wpforms-container-full wpforms-block wpforms-block-7befe491-159c-4676-8eae-4fcffba1ce70 wpforms-render-modern\" id=\"wpforms-496\"><form id=\"wpforms-form-496\" class=\"wpforms-validate wpforms-form wpforms-ajax-form\" data-formid=\"496\" method=\"post\" enctype=\"multipart\/form-data\" action=\"\/index.php\/wp-json\/wp\/v2\/pages\/15\" data-token=\"649ebd2503b9fa6130f699fbcb887e23\" data-token-time=\"1777815164\"><noscript class=\"wpforms-error-noscript\">Veuillez activer JavaScript dans votre navigateur pour remplir ce formulaire.<\/noscript><div class=\"wpforms-hidden\" id=\"wpforms-error-noscript\">Veuillez activer JavaScript dans votre navigateur pour remplir ce formulaire.<\/div><div class=\"wpforms-field-container\"><div id=\"wpforms-496-field_0-container\" class=\"wpforms-field wpforms-field-name\" data-field-id=\"0\"><fieldset><legend class=\"wpforms-field-label\">Name <span class=\"wpforms-required-label\" aria-hidden=\"true\">*<\/span><\/legend><div class=\"wpforms-field-row wpforms-field-medium\"><div class=\"wpforms-field-row-block wpforms-first wpforms-one-half\"><input type=\"text\" id=\"wpforms-496-field_0\" class=\"wpforms-field-name-first wpforms-field-required\" name=\"wpforms[fields][0][first]\" aria-errormessage=\"wpforms-496-field_0-error\" required><label for=\"wpforms-496-field_0\" class=\"wpforms-field-sublabel after\">Pr\u00e9nom<\/label><\/div><div class=\"wpforms-field-row-block wpforms-one-half\"><input type=\"text\" id=\"wpforms-496-field_0-last\" class=\"wpforms-field-name-last wpforms-field-required\" name=\"wpforms[fields][0][last]\" aria-errormessage=\"wpforms-496-field_0-last-error\" required><label for=\"wpforms-496-field_0-last\" class=\"wpforms-field-sublabel after\">Nom<\/label><\/div><\/div><\/fieldset><\/div><div id=\"wpforms-496-field_8-container\" class=\"wpforms-field wpforms-field-text\" data-field-id=\"8\"><label class=\"wpforms-field-label\" for=\"wpforms-496-field_8\">Soci\u00e9t\u00e9<\/label><input type=\"text\" id=\"wpforms-496-field_8\" class=\"wpforms-field-medium\" name=\"wpforms[fields][8]\" aria-errormessage=\"wpforms-496-field_8-error\"><\/div><div id=\"wpforms-496-field_1-container\" class=\"wpforms-field wpforms-field-email\" data-field-id=\"1\"><label class=\"wpforms-field-label\" for=\"wpforms-496-field_1\">Email <span class=\"wpforms-required-label\" aria-hidden=\"true\">*<\/span><\/label><input type=\"email\" id=\"wpforms-496-field_1\" class=\"wpforms-field-medium wpforms-field-required\" name=\"wpforms[fields][1]\" spellcheck=\"false\" aria-errormessage=\"wpforms-496-field_1-error\" required><\/div><div id=\"wpforms-496-field_7-container\" class=\"wpforms-field wpforms-field-text\" data-field-id=\"7\"><label class=\"wpforms-field-label\" for=\"wpforms-496-field_7\">T\u00e9l\u00e9phone <span class=\"wpforms-required-label\" aria-hidden=\"true\">*<\/span><\/label><input type=\"text\" id=\"wpforms-496-field_7\" class=\"wpforms-field-medium wpforms-field-required\" name=\"wpforms[fields][7]\" aria-errormessage=\"wpforms-496-field_7-error\" required><\/div><div id=\"wpforms-496-field_4-container\" class=\"wpforms-field wpforms-field-textarea\" data-field-id=\"4\"><label class=\"wpforms-field-label\" for=\"wpforms-496-field_4\">votre demande <span class=\"wpforms-required-label\" aria-hidden=\"true\">*<\/span><\/label><textarea id=\"wpforms-496-field_4\" class=\"wpforms-field-medium wpforms-field-required\" name=\"wpforms[fields][4]\" aria-errormessage=\"wpforms-496-field_4-error\" required><\/textarea><\/div><\/div><!-- .wpforms-field-container --><div class=\"wpforms-submit-container\"><input type=\"hidden\" name=\"wpforms[id]\" value=\"496\"><input type=\"hidden\" name=\"page_title\" value=\"\"><input type=\"hidden\" name=\"page_url\" value=\"https:\/\/auto-dev.videriautomotive.com\/index.php\/wp-json\/wp\/v2\/pages\/15\"><input type=\"hidden\" name=\"url_referer\" value=\"\"><button type=\"submit\" name=\"wpforms[submit]\" id=\"wpforms-submit-496\" class=\"wpforms-submit\" data-alt-text=\"Sending...\" data-submit-text=\"Submit\" aria-live=\"assertive\" value=\"wpforms-submit\">Submit<\/button><img loading=\"lazy\" decoding=\"async\" src=\"https:\/\/auto-dev.videriautomotive.com\/wp-content\/plugins\/wpforms-lite\/assets\/images\/submit-spin.svg\" class=\"wpforms-submit-spinner\" style=\"display: none;\" width=\"26\" height=\"26\" alt=\"Chargement en cours\"><\/div><\/form><\/div>  <!-- .wpforms-container --><\/div>\n<\/div>\n<\/div>\n\n<\/div><div style=\"--ub-tabbed-active-accordion-background-color: #3383c5; --ub-tabbed-accordion-background-color: #000000; --ub-tabbed-accordion-color: #ffffff; --ub-tabbed-active-accordion-color: #ffffff; \" class=\"wp-block-ub-tabbed-content-accordion-toggle ub-mobile-display\">Pourquoi choisir <\/div><div role=\"tabpanel\" class=\"wp-block-ub-tabbed-content-tab-content-wrap ub-hide\" id=\"ub-tabbed-content-c010c886-9690-46a2-a9a4-27eca557d27f-panel-1\" aria-labelledby=\"ub-tabbed-content-c010c886-9690-46a2-a9a4-27eca557d27f-tab-1\" tabindex=\"0\">\n\n<p class=\"has-text-align-center\">Pourquoi choisir CFAO ?<\/p>\n\n\n\n<p>Entretenir son v\u00e9hicule dans le r\u00e9seau CFAO c\u2019est garantir son entretien selon les pr\u00e9conisations du constructeur, avec des experts techniques r\u00e9guli\u00e8rement form\u00e9s, et l\u2019utilisation de pi\u00e8ces d\u2019origine TOYOTA, ceci afin de pr\u00e9server votre s\u00e9curit\u00e9 et tranquillit\u00e9 d\u2019esprit.<\/p>\n\n\n\n<p>Toutes les interventions r\u00e9alis\u00e9es dans le r\u00e9seau font l\u2019objet d\u2019un contr\u00f4le qualit\u00e9 rigoureux et l\u2019objet d\u2019une garantie pi\u00e8ce et main d\u2019\u0153uvre sur les interventions r\u00e9alis\u00e9es.<\/p>\n\n\n\n<p>Avec le service CFAO vous disposez de toute l\u2019expertise technique TOYOTA.<\/p>\n\n\n\n<p><a href=\"https:\/\/toyota.cfaomotors-guinee.com\/fr\/faq?t=pqt\"><strong>Notre FAQ<\/strong><\/a><\/p>\n\n<\/div><div style=\"--ub-tabbed-active-accordion-background-color: #3383c5; --ub-tabbed-accordion-background-color: #000000; --ub-tabbed-accordion-color: #ffffff; --ub-tabbed-active-accordion-color: #ffffff; \" class=\"wp-block-ub-tabbed-content-accordion-toggle ub-mobile-display\">Garantie constructeur TOYOYA<\/div><div role=\"tabpanel\" class=\"wp-block-ub-tabbed-content-tab-content-wrap ub-hide\" id=\"ub-tabbed-content-c010c886-9690-46a2-a9a4-27eca557d27f-panel-2\" aria-labelledby=\"ub-tabbed-content-c010c886-9690-46a2-a9a4-27eca557d27f-tab-2\" tabindex=\"0\">\n\n<p class=\"has-text-align-center\">Garantie constructeur TOYOTA<\/p>\n\n\n\n<p>Chez TOYOTA, votre nouvelle voiture est garantie 3 ans ou 100 000 kilom\u00e8tres (*) car nous voulons tout particuli\u00e8rement souligner notre engagement pour la qualit\u00e9 et la fiabilit\u00e9 de nos produits.<\/p>\n\n\n\n<p>Lors de la livraison de votre nouvelle TOYOTA, votre Distributeur CFAO vous remet le carnet de garantie attestant des conditions contractuelles constructeur valables dans l\u2019ensemble du r\u00e9seau TOYOTA.<\/p>\n\n\n\n<p>La Garantie Constructeur TOYOTA couvre toute d\u00e9fectuosit\u00e9 qui pourrait \u00eatre attribu\u00e9e \u00e0 une erreur de fabrication ou d'assemblage et qui appara\u00eetrait lors d'un usage normal du v\u00e9hicule pendant une p\u00e9riode de 3 ans ou 100 000 kilom\u00e8tres (*), la premi\u00e8re de ces limites atteinte.<\/p>\n\n\n\n<p>La Garantie Constructeur TOYOTA prend cours \u00e0 la date de sa premi\u00e8re mise en circulation et elle se transmet sans frais aux propri\u00e9taires ult\u00e9rieurs \u00e9ventuels. Le v\u00e9hicule doit \u00eatre entretenu conform\u00e9ment aux directives et aux instructions du fabricant.<\/p>\n\n\n\n<p>(*) Garantie \u00e9tendue 5 ans \/ 150 000kms sur certains mod\u00e8les.<\/p>\n\n\n\n<p>Voir conditions en concession.<\/p>\n\n\n\n<figure class=\"wp-block-image size-large\"><img loading=\"lazy\" decoding=\"async\" width=\"1024\" height=\"635\" src=\"https:\/\/auto-dev.videriautomotive.com\/wp-content\/uploads\/2025\/05\/sixt.com-comment-bien-gerer-la-vente-dune-voiture-de-societe-bien-gerer-la-vente-dune-voiture-de-societe-1024x635.jpeg\" alt=\"\" class=\"wp-image-381\" srcset=\"https:\/\/auto-dev.videriautomotive.com\/wp-content\/uploads\/2025\/05\/sixt.com-comment-bien-gerer-la-vente-dune-voiture-de-societe-bien-gerer-la-vente-dune-voiture-de-societe-1024x635.jpeg 1024w, https:\/\/auto-dev.videriautomotive.com\/wp-content\/uploads\/2025\/05\/sixt.com-comment-bien-gerer-la-vente-dune-voiture-de-societe-bien-gerer-la-vente-dune-voiture-de-societe-300x186.jpeg 300w, https:\/\/auto-dev.videriautomotive.com\/wp-content\/uploads\/2025\/05\/sixt.com-comment-bien-gerer-la-vente-dune-voiture-de-societe-bien-gerer-la-vente-dune-voiture-de-societe-768x476.jpeg 768w, https:\/\/auto-dev.videriautomotive.com\/wp-content\/uploads\/2025\/05\/sixt.com-comment-bien-gerer-la-vente-dune-voiture-de-societe-bien-gerer-la-vente-dune-voiture-de-societe.jpeg 1314w\" sizes=\"auto, (max-width: 1024px) 100vw, 1024px\" \/><\/figure>\n\n<\/div><div style=\"--ub-tabbed-active-accordion-background-color: #3383c5; --ub-tabbed-accordion-background-color: #000000; --ub-tabbed-accordion-color: #ffffff; --ub-tabbed-active-accordion-color: #ffffff; \" class=\"wp-block-ub-tabbed-content-accordion-toggle ub-mobile-display\">Forfaits TOYOTA<\/div><div role=\"tabpanel\" class=\"wp-block-ub-tabbed-content-tab-content-wrap ub-hide\" id=\"ub-tabbed-content-c010c886-9690-46a2-a9a4-27eca557d27f-panel-3\" aria-labelledby=\"ub-tabbed-content-c010c886-9690-46a2-a9a4-27eca557d27f-tab-3\" tabindex=\"0\">\n\n<h3 class=\"wp-block-heading has-text-align-center\">Forfaits TOYOTA<\/h3>\n\n\n\n<p>Que ce soit pour l\u2019entretien p\u00e9riodique de votre v\u00e9hicule, ou des op\u00e9rations de maintenance sp\u00e9cifiques, le r\u00e9seau CFAO vous propose une gamme de forfaits et de contrats de service sur mesure incluant le prix des pi\u00e8ces et la main d\u2019\u0153uvre.<\/p>\n\n\n\n<p>Avec les forfaits TOYOTA vous b\u00e9n\u00e9ficiez de l\u2019expertise de nos techniciens TOYOTA, des pi\u00e8ces d\u2019origine, des diff\u00e9rents points de contr\u00f4le conform\u00e9ment aux recommandations du constructeur, ainsi que d\u2019une garantie sur l\u2019intervention.<\/p>\n\n\n\n<p>D\u00e9couvrez d\u00e8s \u00e0 pr\u00e9sent dans le r\u00e9seau CFAO les diff\u00e9rents forfaits d\u2019entretien et de remplacement des pi\u00e8ces d\u2019usure qu\u2019il s\u2019agisse des filtres, du freinage, des amortisseurs, des balais d\u2019essuie-glace, ou encore des batteries.<\/p>\n\n\n\n<figure class=\"wp-block-image size-full\"><img loading=\"lazy\" decoding=\"async\" width=\"275\" height=\"183\" src=\"https:\/\/auto-dev.videriautomotive.com\/wp-content\/uploads\/2025\/05\/images-22.jpeg\" alt=\"\" class=\"wp-image-321\"><\/figure>\n\n<\/div><\/div>\n\t\t<\/div><\/div>\n<\/div>\n","protected":false},"excerpt":{"rendered":"<p>J'entretiens mon v\u00e9hicule Acc\u00e8s rapide<\/p>\n","protected":false},"author":1,"featured_media":0,"parent":0,"menu_order":0,"comment_status":"closed","ping_status":"closed","template":"","meta":{"ub_ctt_via":"","site-sidebar-layout":"default","site-content-layout":"","ast-site-content-layout":"","site-content-style":"default","site-sidebar-style":"default","ast-global-header-display":"","ast-banner-title-visibility":"","ast-main-header-display":"","ast-hfb-above-header-display":"","ast-hfb-below-header-display":"","ast-hfb-mobile-header-display":"","site-post-title":"","ast-breadcrumbs-content":"","ast-featured-img":"","footer-sml-layout":"","theme-transparent-header-meta":"","adv-header-id-meta":"","stick-header-meta":"","header-above-stick-meta":"","header-main-stick-meta":"","header-below-stick-meta":"","astra-migrate-meta-layouts":"default","ast-page-background-enabled":"default","ast-page-background-meta":{"desktop":{"background-color":"var(--ast-global-color-5)","background-image":"","background-repeat":"repeat","background-position":"center center","background-size":"auto","background-attachment":"scroll","background-type":"","background-media":"","overlay-type":"","overlay-color":"","overlay-opacity":"","overlay-gradient":""},"tablet":{"background-color":"","background-image":"","background-repeat":"repeat","background-position":"center center","background-size":"auto","background-attachment":"scroll","background-type":"","background-media":"","overlay-type":"","overlay-color":"","overlay-opacity":"","overlay-gradient":""},"mobile":{"background-color":"","background-image":"","background-repeat":"repeat","background-position":"center center","background-size":"auto","background-attachment":"scroll","background-type":"","background-media":"","overlay-type":"","overlay-color":"","overlay-opacity":"","overlay-gradient":""}},"ast-content-background-meta":{"desktop":{"background-color":"var(--ast-global-color-4)","background-image":"","background-repeat":"repeat","background-position":"center center","background-size":"auto","background-attachment":"scroll","background-type":"","background-media":"","overlay-type":"","overlay-color":"","overlay-opacity":"","overlay-gradient":""},"tablet":{"background-color":"var(--ast-global-color-4)","background-image":"","background-repeat":"repeat","background-position":"center center","background-size":"auto","background-attachment":"scroll","background-type":"","background-media":"","overlay-type":"","overlay-color":"","overlay-opacity":"","overlay-gradient":""},"mobile":{"background-color":"var(--ast-global-color-4)","background-image":"","background-repeat":"repeat","background-position":"center center","background-size":"auto","background-attachment":"scroll","background-type":"","background-media":"","overlay-type":"","overlay-color":"","overlay-opacity":"","overlay-gradient":""}},"_glsr_average":0,"_glsr_ranking":0,"_glsr_reviews":0,"footnotes":""},"class_list":["post-15","page","type-page","status-publish","hentry"],"featured_image_src":null,"_links":{"self":[{"href":"https:\/\/auto-dev.videriautomotive.com\/index.php\/wp-json\/wp\/v2\/pages\/15","targetHints":{"allow":["GET"]}}],"collection":[{"href":"https:\/\/auto-dev.videriautomotive.com\/index.php\/wp-json\/wp\/v2\/pages"}],"about":[{"href":"https:\/\/auto-dev.videriautomotive.com\/index.php\/wp-json\/wp\/v2\/types\/page"}],"author":[{"embeddable":true,"href":"https:\/\/auto-dev.videriautomotive.com\/index.php\/wp-json\/wp\/v2\/users\/1"}],"replies":[{"embeddable":true,"href":"https:\/\/auto-dev.videriautomotive.com\/index.php\/wp-json\/wp\/v2\/comments?post=15"}],"version-history":[{"count":29,"href":"https:\/\/auto-dev.videriautomotive.com\/index.php\/wp-json\/wp\/v2\/pages\/15\/revisions"}],"predecessor-version":[{"id":518,"href":"https:\/\/auto-dev.videriautomotive.com\/index.php\/wp-json\/wp\/v2\/pages\/15\/revisions\/518"}],"wp:attachment":[{"href":"https:\/\/auto-dev.videriautomotive.com\/index.php\/wp-json\/wp\/v2\/media?parent=15"}],"curies":[{"name":"wp","href":"https:\/\/api.w.org\/{rel}","templated":true}]}}