{"id":7,"date":"2025-04-29T08:41:42","date_gmt":"2025-04-29T08:41:42","guid":{"rendered":"http:\/\/localhost\/wordpressAuto\/?page_id=7"},"modified":"2025-05-14T07:26:37","modified_gmt":"2025-05-14T07:26:37","slug":"accueil","status":"publish","type":"page","link":"https:\/\/auto-dev.videriautomotive.com\/","title":{"rendered":"Accueil"},"content":{"rendered":"\n<div class=\"wp-block-cover alignfull is-light\" style=\"padding-right:0;padding-left:0;min-height:626px;aspect-ratio:unset;\"><img loading=\"lazy\" decoding=\"async\" width=\"1024\" height=\"409\" class=\"wp-block-cover__image-background wp-image-423 size-large\" alt=\"\" src=\"https:\/\/auto-dev.videriautomotive.com\/wp-content\/uploads\/2025\/05\/Grey-Modern-Private-Driver-Business-Card-Banniere-exterieure-120-po-\u00d7-48-po-2-1-1024x409.gif\" data-object-fit=\"cover\" srcset=\"https:\/\/auto-dev.videriautomotive.com\/wp-content\/uploads\/2025\/05\/Grey-Modern-Private-Driver-Business-Card-Banniere-exterieure-120-po-\u00d7-48-po-2-1-1024x409.gif 1024w, https:\/\/auto-dev.videriautomotive.com\/wp-content\/uploads\/2025\/05\/Grey-Modern-Private-Driver-Business-Card-Banniere-exterieure-120-po-\u00d7-48-po-2-1-300x120.gif 300w, https:\/\/auto-dev.videriautomotive.com\/wp-content\/uploads\/2025\/05\/Grey-Modern-Private-Driver-Business-Card-Banniere-exterieure-120-po-\u00d7-48-po-2-1-768x307.gif 768w, https:\/\/auto-dev.videriautomotive.com\/wp-content\/uploads\/2025\/05\/Grey-Modern-Private-Driver-Business-Card-Banniere-exterieure-120-po-\u00d7-48-po-2-1-1536x614.gif 1536w\" sizes=\"auto, (max-width: 1024px) 100vw, 1024px\" \/><span aria-hidden=\"true\" class=\"wp-block-cover__background has-background-dim-20 has-background-dim\" style=\"background-color:#b8b5b5\"><\/span><div class=\"wp-block-cover__inner-container is-layout-constrained wp-container-core-cover-is-layout-0de311d3 wp-block-cover-is-layout-constrained\">\n<p class=\"has-text-align-center has-ast-global-color-4-color has-text-color has-link-color has-large-font-size wp-elements-b488e88ff0d1eedd924436a58044dc3c\"><strong>BIENVENUE <br>A VIDERI AUTOMOTIVE<\/strong><\/p>\n<\/div><\/div>\n\n\n\n<div class=\"wp-block-group alignfull has-white-background-color has-background is-layout-constrained wp-container-core-group-is-layout-5692707a wp-block-group-is-layout-constrained\" style=\"margin-top:0px;margin-bottom:0px;padding-top:20px;padding-right:20px;padding-bottom:20px;padding-left:20px\">\n<div class=\"wp-block-columns alignwide is-layout-flex wp-container-core-columns-is-layout-8e3aed5f wp-block-columns-is-layout-flex\" style=\"border-style:none;border-width:0px;margin-top:0px;margin-bottom:0px;padding-top:0px;padding-right:30px;padding-bottom:0px;padding-left:30px\">\n<div class=\"wp-block-column is-vertically-aligned-center is-layout-constrained wp-container-core-column-is-layout-fcecb0b3 wp-block-column-is-layout-constrained\" style=\"padding-top:0px;padding-right:0px;padding-bottom:40px;padding-left:0px\">\n<h2 class=\"wp-block-heading has-ast-global-color-8-color has-text-color has-inter-font-family\" style=\"margin-top:0;margin-bottom:36px;font-size:40px;font-style:normal;font-weight:400\">VIDERI AUTOMOTIVE<\/h2>\n\n\n\n<p class=\"has-ast-global-color-8-color has-text-color\" style=\"margin-bottom:2.75rem;font-size:17px\">Videri Automotive, filiale du groupe Videri Enterprise, est une soci\u00e9t\u00e9 guin\u00e9enne sp\u00e9cialis\u00e9e dans la fourniture de solutions de mobilit\u00e9 et d\u2019\u00e9quipements adapt\u00e9s aux besoins des particuliers, des entreprises et des institutions.<\/p>\n\n\n\n<p class=\"has-ast-global-color-8-color has-text-color\" style=\"margin-bottom:2.75rem;font-size:17px\">L\u2019entreprise propose une large gamme de produits destin\u00e9s aux secteurs minier, du transport, de la construction et de la logistique ( v\u00e9hicules poids lourds, Pneumatiques sp\u00e9cialis\u00e9s, Engins et \u00e9quipements industriels ).<\/p>\n<\/div>\n\n\n\n<div class=\"wp-block-column is-layout-flow wp-block-column-is-layout-flow\" style=\"flex-basis:40%\" data-aos=\"zoom-in\">\n<figure class=\"wp-block-image alignfull size-full\" data-aos=\"zoom-in-right\" data-aos-duration=\"1000\"><img loading=\"lazy\" decoding=\"async\" width=\"550\" height=\"550\" src=\"https:\/\/auto-dev.videriautomotive.com\/wp-content\/uploads\/2025\/05\/WhatsApp-Image-2025-03-20-at-10.31.04.jpeg\" alt=\"\" class=\"wp-image-427\" srcset=\"https:\/\/auto-dev.videriautomotive.com\/wp-content\/uploads\/2025\/05\/WhatsApp-Image-2025-03-20-at-10.31.04.jpeg 550w, https:\/\/auto-dev.videriautomotive.com\/wp-content\/uploads\/2025\/05\/WhatsApp-Image-2025-03-20-at-10.31.04-300x300.jpeg 300w, https:\/\/auto-dev.videriautomotive.com\/wp-content\/uploads\/2025\/05\/WhatsApp-Image-2025-03-20-at-10.31.04-150x150.jpeg 150w\" sizes=\"auto, (max-width: 550px) 100vw, 550px\" \/><\/figure>\n<\/div>\n<\/div>\n<\/div>\n\n\n\n<section class=\"wp-block-group alignfull is-layout-constrained wp-container-core-group-is-layout-70145df2 wp-block-group-is-layout-constrained\" style=\"margin-top:0px;margin-bottom:0px;padding-top:0%;padding-right:1.7rem;padding-bottom:0%;padding-left:1.7rem\">\n<div class=\"wp-block-columns alignwide is-layout-flex wp-container-core-columns-is-layout-b787fa0f wp-block-columns-is-layout-flex\" style=\"padding-right:0px;padding-left:0px\">\n<div class=\"wp-block-column is-vertically-aligned-center is-layout-flow wp-block-column-is-layout-flow\" style=\"flex-basis:20.5%\">\n<figure class=\"wp-block-image aligncenter size-full\" data-aos=\"zoom-out-up\"><img loading=\"lazy\" decoding=\"async\" width=\"1080\" height=\"607\" src=\"https:\/\/auto-dev.videriautomotive.com\/wp-content\/uploads\/2025\/05\/WhatsApp-Image-2025-03-20-at-10.23.36.jpeg\" alt=\"\" class=\"wp-image-429\" style=\"aspect-ratio:4\/3;object-fit:cover\" srcset=\"https:\/\/auto-dev.videriautomotive.com\/wp-content\/uploads\/2025\/05\/WhatsApp-Image-2025-03-20-at-10.23.36.jpeg 1080w, https:\/\/auto-dev.videriautomotive.com\/wp-content\/uploads\/2025\/05\/WhatsApp-Image-2025-03-20-at-10.23.36-300x169.jpeg 300w, https:\/\/auto-dev.videriautomotive.com\/wp-content\/uploads\/2025\/05\/WhatsApp-Image-2025-03-20-at-10.23.36-1024x576.jpeg 1024w, https:\/\/auto-dev.videriautomotive.com\/wp-content\/uploads\/2025\/05\/WhatsApp-Image-2025-03-20-at-10.23.36-768x432.jpeg 768w\" sizes=\"auto, (max-width: 1080px) 100vw, 1080px\" \/><\/figure>\n<\/div>\n\n\n\n<div class=\"wp-block-column is-layout-flow wp-block-column-is-layout-flow\" style=\"flex-basis:61%\">\n<div class=\"wp-block-group is-vertical is-content-justification-center is-layout-flex wp-container-core-group-is-layout-81423f52 wp-block-group-is-layout-flex\">\n<h5 class=\"wp-block-heading has-text-align-center has-text-color has-link-color wp-elements-981ce798eb5eebd397e5bb5aed36dfec\" style=\"color:#000000;margin-top:2rem;font-size:2.7rem;font-style:normal;font-weight:300;line-height:1.0;text-transform:uppercase\"><strong>VISION<\/strong><\/h5>\n\n\n\n<div class=\"wp-block-group is-layout-constrained wp-container-core-group-is-layout-51cdf983 wp-block-group-is-layout-constrained\" style=\"padding-right:1rem;padding-left:1rem\">\n<p class=\"has-text-align-center has-text-color has-link-color wp-elements-9f129ee6c1dd32d384b4dff1d47fbde3\" style=\"color:#000000;font-size:1.13rem\">\u00catre un acteur de r\u00e9f\u00e9rence en Guin\u00e9e et en Afrique de l\u2019Ouest dans la fourniture de solutions de mobilit\u00e9 et d\u2019\u00e9quipements performants, durables et adapt\u00e9s aux r\u00e9alit\u00e9s des secteurs strat\u00e9giques tels que les mines, le transport, la construction et la logistique.<\/p>\n\n\n\n<p class=\"has-text-align-center has-text-color has-link-color wp-elements-a891a799994250c9b38efea6276613da\" style=\"color:#000000;font-size:1.13rem\">\u00c0 travers l\u2019innovation, la qualit\u00e9 de service et un engagement fort envers nos clients, nous ambitionnons de contribuer au d\u00e9veloppement des infrastructures et \u00e0 la modernisation du tissu industriel guin\u00e9en.<\/p>\n\n\n\n<div class=\"wp-block-columns is-layout-flex wp-container-core-columns-is-layout-28f84493 wp-block-columns-is-layout-flex\">\n<div class=\"wp-block-column is-layout-flow wp-block-column-is-layout-flow\"><\/div>\n<\/div>\n<\/div>\n<\/div>\n<\/div>\n\n\n\n<div class=\"wp-block-column is-vertically-aligned-center is-layout-flow wp-block-column-is-layout-flow\" style=\"flex-basis:20.5%\">\n<figure class=\"wp-block-image alignfull size-full\" data-aos=\"slide-up\"><img loading=\"lazy\" decoding=\"async\" width=\"900\" height=\"581\" src=\"https:\/\/auto-dev.videriautomotive.com\/wp-content\/uploads\/2025\/05\/WhatsApp-Image-2025-03-20-at-10.56.33.jpeg\" alt=\"\" class=\"wp-image-430\" srcset=\"https:\/\/auto-dev.videriautomotive.com\/wp-content\/uploads\/2025\/05\/WhatsApp-Image-2025-03-20-at-10.56.33.jpeg 900w, https:\/\/auto-dev.videriautomotive.com\/wp-content\/uploads\/2025\/05\/WhatsApp-Image-2025-03-20-at-10.56.33-300x194.jpeg 300w, https:\/\/auto-dev.videriautomotive.com\/wp-content\/uploads\/2025\/05\/WhatsApp-Image-2025-03-20-at-10.56.33-768x496.jpeg 768w\" sizes=\"auto, (max-width: 900px) 100vw, 900px\" \/><\/figure>\n<\/div>\n<\/div>\n<\/section>\n\n\n\n<div class=\"wp-block-group alignwide is-layout-constrained wp-container-core-group-is-layout-1c2ac5aa wp-block-group-is-layout-constrained\">\n<div class=\"wp-block-columns alignwide is-layout-flex wp-container-core-columns-is-layout-2e7895ee wp-block-columns-is-layout-flex\" style=\"margin-bottom:0px;padding-right:var(--wp--preset--spacing--40);padding-left:var(--wp--preset--spacing--40)\">\n<div class=\"wp-block-column is-layout-flow wp-block-column-is-layout-flow\" style=\"padding-top:2%;padding-right:8%;padding-bottom:0;padding-left:0;flex-basis:45%\">\n<h5 class=\"wp-block-heading has-text-align-left has-text-color\" style=\"color:#002d19;margin-bottom:0rem;font-size:1.7rem;font-style:normal;font-weight:500;line-height:1.4;text-transform:uppercase\"><strong>NOS Services<\/strong><\/h5>\n\n\n\n<h2 class=\"wp-block-heading has-text-align-center has-text-color\" style=\"color:#002d19;margin-top:0.5rem;margin-bottom:1.01rem;font-size:1.2rem;font-style:normal;font-weight:600;letter-spacing:0px;line-height:1.3\"><strong>Vente V\u00e9hicules Neufs, Camions, Equipements, pneumatiques<\/strong><\/h2>\n\n\n\n<div class=\"wp-block-group is-content-justification-left is-layout-constrained wp-container-core-group-is-layout-7e1b0d2d wp-block-group-is-layout-constrained\">\n<p class=\"has-text-align-left has-text-color\" style=\"color:#3d3d3d;margin-top:0px;margin-bottom:1.77rem;font-size:0.9rem;font-style:normal;font-weight:400;line-height:1.6\">Embarking on a financial journey requires expert navigation. Our team is dedicated to understanding your goals and crafting tailored strategies. With a fusion of experience and innovation, we pave the way for a prosperous financial future, ensuring every step is taken with confidence.<\/p>\n<\/div>\n<\/div>\n\n\n\n<div class=\"wp-block-column is-layout-flow wp-block-column-is-layout-flow\" style=\"flex-basis:55%\">\n<figure class=\"wp-block-image aligncenter size-full is-resized\" data-aos=\"zoom-out-left\" data-aos-duration=\"700\"><img loading=\"lazy\" decoding=\"async\" width=\"907\" height=\"510\" src=\"https:\/\/auto-dev.videriautomotive.com\/wp-content\/uploads\/2025\/05\/WhatsApp-Image-2025-03-20-at-10.14.36.jpeg\" alt=\"\" class=\"wp-image-439\" style=\"width:580px\" srcset=\"https:\/\/auto-dev.videriautomotive.com\/wp-content\/uploads\/2025\/05\/WhatsApp-Image-2025-03-20-at-10.14.36.jpeg 907w, https:\/\/auto-dev.videriautomotive.com\/wp-content\/uploads\/2025\/05\/WhatsApp-Image-2025-03-20-at-10.14.36-300x169.jpeg 300w, https:\/\/auto-dev.videriautomotive.com\/wp-content\/uploads\/2025\/05\/WhatsApp-Image-2025-03-20-at-10.14.36-768x432.jpeg 768w\" sizes=\"auto, (max-width: 907px) 100vw, 907px\" \/><\/figure>\n<\/div>\n<\/div>\n<\/div>\n\n\n\n<section class=\"wp-block-group alignfull has-text-color is-layout-constrained wp-container-core-group-is-layout-13231dbe wp-block-group-is-layout-constrained\" style=\"color:#3f3f3f;margin-top:0px;padding-top:5.01rem;padding-right:1rem;padding-bottom:5rem;padding-left:1rem;font-size:1.13rem;font-style:normal;font-weight:400;line-height:1.4\">\n<div class=\"wp-block-group is-layout-constrained wp-container-core-group-is-layout-b1250cff wp-block-group-is-layout-constrained\">\n<div class=\"wp-block-columns is-layout-flex wp-container-core-columns-is-layout-514683cc wp-block-columns-is-layout-flex\" style=\"margin-bottom:1.01rem;padding-left:1rem\">\n<div class=\"wp-block-column is-content-justification-left is-layout-constrained wp-container-core-column-is-layout-12dd3699 wp-block-column-is-layout-constrained\">\n<div class=\"wp-block-group is-content-justification-left is-layout-constrained wp-container-core-group-is-layout-b9361a9a wp-block-group-is-layout-constrained\">\n<h2 class=\"wp-block-heading has-text-align-left has-text-color has-link-color has-cormorant-font-family wp-elements-3d6639a9f242b6d96569a186522bf3b4\" style=\"color:#3f3f3f;font-size:46px;font-style:normal;font-weight:500;line-height:1.2\">NOTRE EQUIPE<\/h2>\n<\/div>\n<\/div>\n\n\n\n<div class=\"wp-block-column is-layout-flow wp-block-column-is-layout-flow\" style=\"flex-basis:55%\">\n<div class=\"wp-block-group is-content-justification-left is-layout-constrained wp-container-core-group-is-layout-c6563954 wp-block-group-is-layout-constrained\" style=\"padding-right:10%\">\n<p class=\"has-text-color has-mulish-font-family\" style=\"color:#3f3f3f;font-size:16px;font-style:normal;font-weight:400\">Lorem ipsum dolor sit amet, consectetur adipiscing elit. Duis ullamcorper nulla felis, sed egestas orci efficitur commodo. Nunc consectetur imperdiet leo, consequat posuere felis cursus non. Ut eleifend, diam eget commodo sollicitudin.<\/p>\n\n\n\n<div class=\"wp-block-buttons is-content-justification-left is-layout-flex wp-container-core-buttons-is-layout-fc4fd283 wp-block-buttons-is-layout-flex\">\n<div class=\"wp-block-button\"><a class=\"wp-block-button__link has-text-color has-background has-link-color has-mulish-font-family has-custom-font-size wp-element-button\" href=\"http:\/\/localhost\/wordpressAuto\/index.php\/contact\/\" style=\"border-radius:0px;color:#ffffff;background-color:#1173c5;padding-top:10px;padding-right:30px;padding-bottom:10px;padding-left:30px;font-size:16px\">Contact<\/a><\/div>\n<\/div>\n<\/div>\n<\/div>\n<\/div>\n<\/div>\n\n\n\n<div class=\"wp-block-group is-layout-constrained wp-container-core-group-is-layout-92bb4a42 wp-block-group-is-layout-constrained\" style=\"margin-top:4rem\">\n<div class=\"wp-block-columns is-layout-flex wp-container-core-columns-is-layout-bd8a0320 wp-block-columns-is-layout-flex\">\n<div class=\"wp-block-column is-layout-constrained wp-container-core-column-is-layout-afced774 wp-block-column-is-layout-constrained\">\n<figure class=\"wp-block-image aligncenter size-full is-resized\" data-aos=\"slide-up\"><img decoding=\"async\" src=\"https:\/\/tyler.com\/wp-content\/uploads\/2023\/11\/stone-expert-01.jpg\" alt=\"\" class=\"wp-image-1461\" style=\"width:318px\"\/><\/figure>\n\n\n\n<h4 class=\"wp-block-heading has-text-align-center has-text-color has-cormorant-font-family\" style=\"color:#1c2a45;padding-top:20px;font-size:1.6rem;line-height:1.0\"><strong>Khalifa Ababacar THIAM<\/strong><\/h4>\n\n\n\n<p class=\"has-text-align-center has-text-color has-mulish-font-family\" style=\"color:#1173c5;margin-top:5px;font-size:15px;letter-spacing:1px\"><strong>Directeur G\u00e9n\u00e9ral<\/strong><\/p>\n<\/div>\n\n\n\n<div class=\"wp-block-column is-layout-constrained wp-container-core-column-is-layout-afced774 wp-block-column-is-layout-constrained\">\n<figure class=\"wp-block-image aligncenter size-full is-resized\" data-aos=\"zoom-out-left\"><img decoding=\"async\" src=\"https:\/\/tyler.com\/wp-content\/uploads\/2023\/11\/stone-expert-02.jpg\" alt=\"\" class=\"wp-image-1462\" style=\"width:318px\"\/><\/figure>\n\n\n\n<h4 class=\"wp-block-heading has-text-align-center has-text-color has-cormorant-font-family\" style=\"color:#1c2a45;padding-top:20px;font-size:1.6rem;line-height:1.0\"><strong>Ely cheikh BARRY<\/strong><\/h4>\n\n\n\n<p class=\"has-text-align-center has-text-color has-mulish-font-family\" style=\"color:#1173c5;margin-top:5px;font-size:15px;letter-spacing:1px\"><strong>Chef des ventes<\/strong><\/p>\n<\/div>\n\n\n\n<div class=\"wp-block-column is-layout-constrained wp-container-core-column-is-layout-afced774 wp-block-column-is-layout-constrained\">\n<figure class=\"wp-block-image aligncenter size-full is-resized\" data-aos=\"zoom-in-right\"><img decoding=\"async\" src=\"https:\/\/tyler.com\/wp-content\/uploads\/2023\/11\/stone-expert-03.jpg\" alt=\"\" class=\"wp-image-1463\" style=\"width:318px\"\/><\/figure>\n\n\n\n<h4 class=\"wp-block-heading has-text-align-center has-text-color has-cormorant-font-family\" style=\"color:#1c2a45;padding-top:20px;font-size:1.6rem;line-height:1.0\">Kevin M. Johnson<\/h4>\n\n\n\n<p class=\"has-text-align-center has-text-color has-mulish-font-family\" style=\"color:#1173c5;margin-top:5px;font-size:15px;letter-spacing:1px\">Legal Assistant, CH, IL<\/p>\n<\/div>\n\n\n\n<div class=\"wp-block-column is-layout-constrained wp-container-core-column-is-layout-afced774 wp-block-column-is-layout-constrained\">\n<figure class=\"wp-block-image aligncenter size-full is-resized\" data-aos=\"zoom-in-up\"><img decoding=\"async\" src=\"https:\/\/tyler.com\/wp-content\/uploads\/2023\/11\/stone-expert-04.jpg\" alt=\"\" class=\"wp-image-1464\" style=\"width:318px\"\/><\/figure>\n\n\n\n<h4 class=\"wp-block-heading has-text-align-center has-text-color has-cormorant-font-family\" style=\"color:#1c2a45;padding-top:20px;font-size:1.6rem;line-height:1.0\">Mary Jane<\/h4>\n\n\n\n<p class=\"has-text-align-center has-text-color has-mulish-font-family\" style=\"color:#1173c5;margin-top:5px;font-size:15px;letter-spacing:1px\">Senior Counsel, LA, CA<\/p>\n<\/div>\n<\/div>\n<\/div>\n<\/section>\n\n\n\n<section class=\"wp-block-group alignfull has-text-color has-background is-layout-constrained wp-container-core-group-is-layout-28b80094 wp-block-group-is-layout-constrained\" style=\"color:#010101;background-color:#edf1f2;margin-top:0px;padding-top:4rem;padding-right:1rem;padding-bottom:4rem;padding-left:1rem;font-size:1.13rem;font-style:normal;font-weight:400;line-height:1.4\">\n<p style=\"font-size:35px\"><strong>NOS MARQUES<\/strong><\/p>\n\n\n\n<div class=\"wp-block-columns are-vertically-aligned-center is-layout-flex wp-container-core-columns-is-layout-2709eace wp-block-columns-is-layout-flex\">\n<div class=\"wp-block-column is-vertically-aligned-center is-layout-flow wp-block-column-is-layout-flow\">\n<figure class=\"wp-block-image aligncenter size-full is-resized is-style-default\"><img loading=\"lazy\" decoding=\"async\" width=\"1080\" height=\"764\" src=\"https:\/\/auto-dev.videriautomotive.com\/wp-content\/uploads\/2025\/05\/HAWKWAY.jpeg\" alt=\"\" class=\"wp-image-409\" style=\"width:150px;height:auto\" srcset=\"https:\/\/auto-dev.videriautomotive.com\/wp-content\/uploads\/2025\/05\/HAWKWAY.jpeg 1080w, https:\/\/auto-dev.videriautomotive.com\/wp-content\/uploads\/2025\/05\/HAWKWAY-300x212.jpeg 300w, https:\/\/auto-dev.videriautomotive.com\/wp-content\/uploads\/2025\/05\/HAWKWAY-1024x724.jpeg 1024w, https:\/\/auto-dev.videriautomotive.com\/wp-content\/uploads\/2025\/05\/HAWKWAY-768x543.jpeg 768w\" sizes=\"auto, (max-width: 1080px) 100vw, 1080px\" \/><\/figure>\n<\/div>\n\n\n\n<div class=\"wp-block-column is-vertically-aligned-center is-layout-flow wp-block-column-is-layout-flow\">\n<figure class=\"wp-block-image aligncenter size-full is-resized\"><img loading=\"lazy\" decoding=\"async\" width=\"1110\" height=\"1012\" src=\"https:\/\/auto-dev.videriautomotive.com\/wp-content\/uploads\/2025\/05\/WhatsApp-Image-2025-03-20-at-13.22.04.jpeg\" alt=\"\" class=\"wp-image-410\" style=\"width:144px;height:auto\" srcset=\"https:\/\/auto-dev.videriautomotive.com\/wp-content\/uploads\/2025\/05\/WhatsApp-Image-2025-03-20-at-13.22.04.jpeg 1110w, https:\/\/auto-dev.videriautomotive.com\/wp-content\/uploads\/2025\/05\/WhatsApp-Image-2025-03-20-at-13.22.04-300x274.jpeg 300w, https:\/\/auto-dev.videriautomotive.com\/wp-content\/uploads\/2025\/05\/WhatsApp-Image-2025-03-20-at-13.22.04-1024x934.jpeg 1024w, https:\/\/auto-dev.videriautomotive.com\/wp-content\/uploads\/2025\/05\/WhatsApp-Image-2025-03-20-at-13.22.04-768x700.jpeg 768w\" sizes=\"auto, (max-width: 1110px) 100vw, 1110px\" \/><\/figure>\n<\/div>\n\n\n\n<div class=\"wp-block-column is-vertically-aligned-center is-layout-flow wp-block-column-is-layout-flow\">\n<figure class=\"wp-block-image aligncenter size-full is-resized\"><img loading=\"lazy\" decoding=\"async\" width=\"2560\" height=\"2555\" src=\"https:\/\/auto-dev.videriautomotive.com\/wp-content\/uploads\/2025\/05\/R-2-scaled.jpg\" alt=\"\" class=\"wp-image-413\" style=\"width:150px\" srcset=\"https:\/\/auto-dev.videriautomotive.com\/wp-content\/uploads\/2025\/05\/R-2-scaled.jpg 2560w, https:\/\/auto-dev.videriautomotive.com\/wp-content\/uploads\/2025\/05\/R-2-300x300.jpg 300w, https:\/\/auto-dev.videriautomotive.com\/wp-content\/uploads\/2025\/05\/R-2-1024x1022.jpg 1024w, https:\/\/auto-dev.videriautomotive.com\/wp-content\/uploads\/2025\/05\/R-2-150x150.jpg 150w, https:\/\/auto-dev.videriautomotive.com\/wp-content\/uploads\/2025\/05\/R-2-768x767.jpg 768w, https:\/\/auto-dev.videriautomotive.com\/wp-content\/uploads\/2025\/05\/R-2-1536x1533.jpg 1536w, https:\/\/auto-dev.videriautomotive.com\/wp-content\/uploads\/2025\/05\/R-2-2048x2044.jpg 2048w\" sizes=\"auto, (max-width: 2560px) 100vw, 2560px\" \/><\/figure>\n<\/div>\n\n\n\n<div class=\"wp-block-column is-vertically-aligned-center is-layout-flow wp-block-column-is-layout-flow\">\n<figure class=\"wp-block-image aligncenter size-full is-resized\"><img loading=\"lazy\" decoding=\"async\" width=\"474\" height=\"266\" src=\"https:\/\/auto-dev.videriautomotive.com\/wp-content\/uploads\/2025\/05\/OIP-8.jpg\" alt=\"\" class=\"wp-image-414\" style=\"width:150px\" srcset=\"https:\/\/auto-dev.videriautomotive.com\/wp-content\/uploads\/2025\/05\/OIP-8.jpg 474w, https:\/\/auto-dev.videriautomotive.com\/wp-content\/uploads\/2025\/05\/OIP-8-300x168.jpg 300w\" sizes=\"auto, (max-width: 474px) 100vw, 474px\" \/><\/figure>\n<\/div>\n\n\n\n<div class=\"wp-block-column is-vertically-aligned-center is-layout-flow wp-block-column-is-layout-flow\">\n<figure class=\"wp-block-image aligncenter size-full is-resized\"><img loading=\"lazy\" decoding=\"async\" width=\"474\" height=\"474\" src=\"https:\/\/auto-dev.videriautomotive.com\/wp-content\/uploads\/2025\/05\/OIP-9.jpg\" alt=\"\" class=\"wp-image-415\" style=\"width:150px\" srcset=\"https:\/\/auto-dev.videriautomotive.com\/wp-content\/uploads\/2025\/05\/OIP-9.jpg 474w, https:\/\/auto-dev.videriautomotive.com\/wp-content\/uploads\/2025\/05\/OIP-9-300x300.jpg 300w, https:\/\/auto-dev.videriautomotive.com\/wp-content\/uploads\/2025\/05\/OIP-9-150x150.jpg 150w\" sizes=\"auto, (max-width: 474px) 100vw, 474px\" \/><\/figure>\n<\/div>\n<\/div>\n<\/section>\n\n\n\n<p><\/p>\n","protected":false},"excerpt":{"rendered":"<p>VIDERI AUTOMOTIVE Videri Automotive, filiale du groupe Videri Enterprise, est une soci\u00e9t\u00e9 guin\u00e9enne sp\u00e9cialis\u00e9e dans la fourniture de solutions de [&hellip;]<\/p>\n","protected":false},"author":1,"featured_media":0,"parent":0,"menu_order":0,"comment_status":"closed","ping_status":"closed","template":"","meta":{"ub_ctt_via":"","site-sidebar-layout":"default","site-content-layout":"","ast-site-content-layout":"","site-content-style":"default","site-sidebar-style":"default","ast-global-header-display":"","ast-banner-title-visibility":"","ast-main-header-display":"","ast-hfb-above-header-display":"","ast-hfb-below-header-display":"","ast-hfb-mobile-header-display":"","site-post-title":"disabled","ast-breadcrumbs-content":"","ast-featured-img":"","footer-sml-layout":"","theme-transparent-header-meta":"","adv-header-id-meta":"","stick-header-meta":"","header-above-stick-meta":"","header-main-stick-meta":"","header-below-stick-meta":"","astra-migrate-meta-layouts":"default","ast-page-background-enabled":"default","ast-page-background-meta":{"desktop":{"background-color":"var(--ast-global-color-5)","background-image":"","background-repeat":"repeat","background-position":"center center","background-size":"auto","background-attachment":"scroll","background-type":"","background-media":"","overlay-type":"","overlay-color":"","overlay-opacity":"","overlay-gradient":""},"tablet":{"background-color":"","background-image":"","background-repeat":"repeat","background-position":"center center","background-size":"auto","background-attachment":"scroll","background-type":"","background-media":"","overlay-type":"","overlay-color":"","overlay-opacity":"","overlay-gradient":""},"mobile":{"background-color":"","background-image":"","background-repeat":"repeat","background-position":"center center","background-size":"auto","background-attachment":"scroll","background-type":"","background-media":"","overlay-type":"","overlay-color":"","overlay-opacity":"","overlay-gradient":""}},"ast-content-background-meta":{"desktop":{"background-color":"var(--ast-global-color-4)","background-image":"","background-repeat":"repeat","background-position":"center center","background-size":"auto","background-attachment":"scroll","background-type":"","background-media":"","overlay-type":"","overlay-color":"","overlay-opacity":"","overlay-gradient":""},"tablet":{"background-color":"var(--ast-global-color-4)","background-image":"","background-repeat":"repeat","background-position":"center center","background-size":"auto","background-attachment":"scroll","background-type":"","background-media":"","overlay-type":"","overlay-color":"","overlay-opacity":"","overlay-gradient":""},"mobile":{"background-color":"var(--ast-global-color-4)","background-image":"","background-repeat":"repeat","background-position":"center center","background-size":"auto","background-attachment":"scroll","background-type":"","background-media":"","overlay-type":"","overlay-color":"","overlay-opacity":"","overlay-gradient":""}},"_glsr_average":0,"_glsr_ranking":0,"_glsr_reviews":0,"footnotes":""},"class_list":["post-7","page","type-page","status-publish","hentry"],"featured_image_src":null,"_links":{"self":[{"href":"https:\/\/auto-dev.videriautomotive.com\/index.php\/wp-json\/wp\/v2\/pages\/7","targetHints":{"allow":["GET"]}}],"collection":[{"href":"https:\/\/auto-dev.videriautomotive.com\/index.php\/wp-json\/wp\/v2\/pages"}],"about":[{"href":"https:\/\/auto-dev.videriautomotive.com\/index.php\/wp-json\/wp\/v2\/types\/page"}],"author":[{"embeddable":true,"href":"https:\/\/auto-dev.videriautomotive.com\/index.php\/wp-json\/wp\/v2\/users\/1"}],"replies":[{"embeddable":true,"href":"https:\/\/auto-dev.videriautomotive.com\/index.php\/wp-json\/wp\/v2\/comments?post=7"}],"version-history":[{"count":70,"href":"https:\/\/auto-dev.videriautomotive.com\/index.php\/wp-json\/wp\/v2\/pages\/7\/revisions"}],"predecessor-version":[{"id":478,"href":"https:\/\/auto-dev.videriautomotive.com\/index.php\/wp-json\/wp\/v2\/pages\/7\/revisions\/478"}],"wp:attachment":[{"href":"https:\/\/auto-dev.videriautomotive.com\/index.php\/wp-json\/wp\/v2\/media?parent=7"}],"curies":[{"name":"wp","href":"https:\/\/api.w.org\/{rel}","templated":true}]}}